{"id":4969,"date":"2021-02-10T14:55:31","date_gmt":"2021-02-10T13:55:31","guid":{"rendered":"https:\/\/irdl-inprogress.com\/intranet\/?page_id=4969"},"modified":"2021-02-19T11:52:40","modified_gmt":"2021-02-19T10:52:40","slug":"connexion","status":"publish","type":"page","link":"https:\/\/irdl-inprogress.com\/intranet\/connexion\/","title":{"rendered":"Connexion"},"content":{"rendered":"<p>[vc_row content_placement=\u00a0\u00bbmiddle\u00a0\u00bb][vc_column][vc_column_text]<\/p>\n<h4 style=\"text-align: center;\"><strong>Vous \u00eates nouvel arrivant ?<br \/>\n<a href=\"mailto:roseline.le%2d%73qu%65%72e@univ%2du%62s%2efr\">Demandez-nous la cr\u00e9ation d&rsquo;un acc\u00e8s au service<\/a> <\/strong><\/h4>\n<p>[\/vc_column_text][\/vc_column][\/vc_row][vc_row content_placement=\u00a0\u00bbmiddle\u00a0\u00bb][vc_column][vc_raw_html]JTVCc3Vid2F5X2xvZ2luJTVE[\/vc_raw_html][\/vc_column][\/vc_row]<\/p>\n","protected":false},"excerpt":{"rendered":"<p>[vc_row content_placement=\u00a0\u00bbmiddle\u00a0\u00bb][vc_column][vc_column_text] Vous \u00eates nouvel arrivant ? Demandez-nous la cr\u00e9ation d&rsquo;un acc\u00e8s au service [\/vc_column_text][\/vc_column][\/vc_row][vc_row content_placement=\u00a0\u00bbmiddle\u00a0\u00bb][vc_column][vc_raw_html]JTVCc3Vid2F5X2xvZ2luJTVE[\/vc_raw_html][\/vc_column][\/vc_row]<\/p>\n","protected":false},"author":1,"featured_media":0,"parent":0,"menu_order":0,"comment_status":"closed","ping_status":"closed","template":"","meta":{"_bbp_topic_count":0,"_bbp_reply_count":0,"_bbp_total_topic_count":0,"_bbp_total_reply_count":0,"_bbp_voice_count":0,"_bbp_anonymous_reply_count":0,"_bbp_topic_count_hidden":0,"_bbp_reply_count_hidden":0,"_bbp_forum_subforum_count":0,"footnotes":""},"class_list":["post-4969","page","type-page","status-publish","hentry"],"_links":{"self":[{"href":"https:\/\/irdl-inprogress.com\/intranet\/wp-json\/wp\/v2\/pages\/4969","targetHints":{"allow":["GET"]}}],"collection":[{"href":"https:\/\/irdl-inprogress.com\/intranet\/wp-json\/wp\/v2\/pages"}],"about":[{"href":"https:\/\/irdl-inprogress.com\/intranet\/wp-json\/wp\/v2\/types\/page"}],"author":[{"embeddable":true,"href":"https:\/\/irdl-inprogress.com\/intranet\/wp-json\/wp\/v2\/users\/1"}],"replies":[{"embeddable":true,"href":"https:\/\/irdl-inprogress.com\/intranet\/wp-json\/wp\/v2\/comments?post=4969"}],"version-history":[{"count":7,"href":"https:\/\/irdl-inprogress.com\/intranet\/wp-json\/wp\/v2\/pages\/4969\/revisions"}],"predecessor-version":[{"id":5509,"href":"https:\/\/irdl-inprogress.com\/intranet\/wp-json\/wp\/v2\/pages\/4969\/revisions\/5509"}],"wp:attachment":[{"href":"https:\/\/irdl-inprogress.com\/intranet\/wp-json\/wp\/v2\/media?parent=4969"}],"curies":[{"name":"wp","href":"https:\/\/api.w.org\/{rel}","templated":true}]}}